{"id":105,"date":"2014-10-26T23:59:36","date_gmt":"2014-10-26T23:59:36","guid":{"rendered":"http:\/\/koerner-automobile.de\/?page_id=105"},"modified":"2014-10-26T23:59:36","modified_gmt":"2014-10-26T23:59:36","slug":"service","status":"publish","type":"page","link":"https:\/\/koerner-automobile.de\/?page_id=105","title":{"rendered":"Service"},"content":{"rendered":"<p>Ausz\u00fcge aus unseren Rundum-Service:<\/p>\n<ul>\n<li>An- und Verkauf von Neu- und Gebrauchtwagen aller Marken<\/li>\n<li>Stetig eine gro\u00dfe Anzahl von Gebrauchtwagen auf dem Hof<\/li>\n<li>Finanzierung und Leasing, auch ohne Anzahlung<\/li>\n<li>Finanzierungsabl\u00f6sung<\/li>\n<li>offizieller Servicepartner von Honda, Subaru und Daihatsu<\/li>\n<li>Wartung und Instandhaltung<\/li>\n<li>Reifendienst &amp; R\u00e4dereinlagerung<\/li>\n<li>Ersatzteile &amp; Zubeh\u00f6r<\/li>\n<li>Haupt- und Abgasuntersuchung<\/li>\n<li>Gasanlagenpr\u00fcfung<\/li>\n<li>Unfallreparatur<\/li>\n<li>Werkstattersatzwagen<\/li>\n<\/ul>\n","protected":false},"excerpt":{"rendered":"<p>Ausz\u00fcge aus unseren Rundum-Service: An- und Verkauf von Neu- und Gebrauchtwagen aller Marken Stetig eine gro\u00dfe Anzahl von Gebrauchtwagen auf dem Hof Finanzierung und Leasing, auch ohne Anzahlung Finanzierungsabl\u00f6sung offizieller Servicepartner von Honda, Subaru und Daihatsu Wartung und Instandhaltung Reifendienst &hellip; <a class=\"more-link\" href=\"https:\/\/koerner-automobile.de\/?page_id=105\">weiterlesen<\/a><\/p>","protected":false},"author":1,"featured_media":0,"parent":0,"menu_order":45,"comment_status":"open","ping_status":"open","template":"","meta":[],"_links":{"self":[{"href":"https:\/\/koerner-automobile.de\/index.php?rest_route=\/wp\/v2\/pages\/105"}],"collection":[{"href":"https:\/\/koerner-automobile.de\/index.php?rest_route=\/wp\/v2\/pages"}],"about":[{"href":"https:\/\/koerner-automobile.de\/index.php?rest_route=\/wp\/v2\/types\/page"}],"author":[{"embeddable":true,"href":"https:\/\/koerner-automobile.de\/index.php?rest_route=\/wp\/v2\/users\/1"}],"replies":[{"embeddable":true,"href":"https:\/\/koerner-automobile.de\/index.php?rest_route=%2Fwp%2Fv2%2Fcomments&post=105"}],"version-history":[{"count":1,"href":"https:\/\/koerner-automobile.de\/index.php?rest_route=\/wp\/v2\/pages\/105\/revisions"}],"predecessor-version":[{"id":107,"href":"https:\/\/koerner-automobile.de\/index.php?rest_route=\/wp\/v2\/pages\/105\/revisions\/107"}],"wp:attachment":[{"href":"https:\/\/koerner-automobile.de\/index.php?rest_route=%2Fwp%2Fv2%2Fmedia&parent=105"}],"curies":[{"name":"wp","href":"https:\/\/api.w.org\/{rel}","templated":true}]}}