{"id":102,"date":"2014-10-26T23:58:36","date_gmt":"2014-10-26T23:58:36","guid":{"rendered":"http:\/\/koerner-automobile.de\/?page_id=102"},"modified":"2015-09-11T16:54:02","modified_gmt":"2015-09-11T16:54:02","slug":"wir-ueber-uns","status":"publish","type":"page","link":"https:\/\/koerner-automobile.de\/?page_id=102","title":{"rendered":"Wir \u00fcber uns"},"content":{"rendered":"<p>Das Autohaus K\u00f6rner wurde im September 1991 von Andreas K\u00f6rner als Einzelunternehmen gegr\u00fcndet. Seither verkaufen, kaufen und reparieren wir Fahrzeuge jeglicher Art.<\/p>\n<p>1993 wurde in Ilmenau am Tonteich eine Vertriebspartnerschaft mit Daihatsu eingegangen. Das Daihatsu Servicecenter besteht\u00a0bis zum heutigen Tage am \u201cAm Tonteich 37\u2033.<\/p>\n<p>2004 wurde ein weiteres Autohaus in Ilmenau in der Unterp\u00f6rlitzer Stra\u00dfe gebaut, welches seit 2005 als offizieller Vertragsh\u00e4ndler die Marke Honda repr\u00e4sentiert.<\/p>\n<p>2011 vergr\u00f6\u00dferte sich der Komplex in der Unterp\u00f6rlitzer Stra\u00dfe und 2012 expandierten wir mit der Marke Subaru.<\/p>\n<p>Seit unserem ersten Arbeitstag wachsen wir stetig erfolgreich und serviceorientiert gegen\u00fcber unseren Kunden. Heute besch\u00e4ftigen wir 10 Mitarbeiter. Wir setzten auf qualifizierte und motivierte Mitarbeiter, denn wir wissen, dass sie f\u00fcr unseren Erfolg verantwortlich sind. Auch unsere Auszubildenden sind ein wichtiger Bestandteil unserer Mitarbeiterstruktur und werden direkt in die Unternehmensabl\u00e4ufe eingebunden.<\/p>\n<p>Erfahren Sie in unserer Werkstatt allen Service rund ums Auto. Neben regul\u00e4ren HU\/AU, bieten wir einen umfangreichen Reparaturservice mit angeschlossenem Ersatzteillager, einen Reifendienst und Altautoentsorgung. Bei einer Panne kommen wir Sie abschleppen und stellen Ihnen gern einen Werkstattersatzwagen zur Verf\u00fcgung.<\/p>\n<p>Ein Autokauf ist bei uns selbstverst\u00e4ndlich mit einem Zulassungs- und \u2013 soweit Sie w\u00fcnschen \u2013 mit einem Versicherungsdienst verbunden.<\/p>\n","protected":false},"excerpt":{"rendered":"<p>Das Autohaus K\u00f6rner wurde im September 1991 von Andreas K\u00f6rner als Einzelunternehmen gegr\u00fcndet. Seither verkaufen, kaufen und reparieren wir Fahrzeuge jeglicher Art. 1993 wurde in Ilmenau am Tonteich eine Vertriebspartnerschaft mit Daihatsu eingegangen. Das Daihatsu Servicecenter besteht\u00a0bis zum heutigen Tage &hellip; <a class=\"more-link\" href=\"https:\/\/koerner-automobile.de\/?page_id=102\">weiterlesen<\/a><\/p>","protected":false},"author":1,"featured_media":0,"parent":0,"menu_order":50,"comment_status":"closed","ping_status":"open","template":"","meta":[],"_links":{"self":[{"href":"https:\/\/koerner-automobile.de\/index.php?rest_route=\/wp\/v2\/pages\/102"}],"collection":[{"href":"https:\/\/koerner-automobile.de\/index.php?rest_route=\/wp\/v2\/pages"}],"about":[{"href":"https:\/\/koerner-automobile.de\/index.php?rest_route=\/wp\/v2\/types\/page"}],"author":[{"embeddable":true,"href":"https:\/\/koerner-automobile.de\/index.php?rest_route=\/wp\/v2\/users\/1"}],"replies":[{"embeddable":true,"href":"https:\/\/koerner-automobile.de\/index.php?rest_route=%2Fwp%2Fv2%2Fcomments&post=102"}],"version-history":[{"count":7,"href":"https:\/\/koerner-automobile.de\/index.php?rest_route=\/wp\/v2\/pages\/102\/revisions"}],"predecessor-version":[{"id":166,"href":"https:\/\/koerner-automobile.de\/index.php?rest_route=\/wp\/v2\/pages\/102\/revisions\/166"}],"wp:attachment":[{"href":"https:\/\/koerner-automobile.de\/index.php?rest_route=%2Fwp%2Fv2%2Fmedia&parent=102"}],"curies":[{"name":"wp","href":"https:\/\/api.w.org\/{rel}","templated":true}]}}